{"id":1805,"date":"2018-11-26T11:49:32","date_gmt":"2018-11-26T11:49:32","guid":{"rendered":"http:\/\/danielhartlaub.com\/?page_id=1805"},"modified":"2019-03-04T14:45:21","modified_gmt":"2019-03-04T14:45:21","slug":"protection-of-data-privacydatenschutz","status":"publish","type":"page","link":"http:\/\/danielhartlaub.com\/?page_id=1805","title":{"rendered":"Protection of Data Privacy"},"content":{"rendered":"<header class=\"entry-header\">\n<h1 class=\"entry-title\"><span style=\"font-family: verdana, geneva, sans-serif;\"><span style=\"font-size: 12pt;\">Datenschutz<br \/>\n<\/span><strong style=\"font-size: 12pt;\">Daten, die wir von Ihnen erfassen und verarbeiten:\u00a0<\/strong><\/span><\/h1>\n<\/header>\n<div class=\"entry-content\">\n<ul>\n<li><span style=\"font-family: verdana, geneva, sans-serif;\">Daten, die Sie uns freiwillig durch Eingabe in Formularen auf den Webseiten zur\u00a0 Verf\u00fcgung stellen (z.B. bei Bestellungen).<\/span><\/li>\n<li><span style=\"font-family: verdana, geneva, sans-serif;\">Informationen \u00fcber Gesch\u00e4fte, die Sie \u00fcber diese Webseite t\u00e4tigen und \u00fcber die Ausf\u00fchrung Ihrer Auftr\u00e4ge.<\/span><\/li>\n<li><span style=\"font-family: verdana, geneva, sans-serif;\">Einzelheiten zu Ihrem Besuchen auf unseren Webseiten, so u.a. Verkehrsdaten, Verbindungs- und Adressdaten wie z.B. IP-Adresse, Hostname Ihres Computers, Browser-\u00a0\u00a0Informationen und Domaindaten von Referenzseiten, Webblocks<em>.\u00a0<\/em><\/span><\/li>\n<\/ul>\n<p><span style=\"font-family: verdana, geneva, sans-serif;\">\u00a0<\/span><\/p>\n<p><span style=\"font-family: verdana, geneva, sans-serif;\"><strong>Verwendungszweck der Daten<br \/>\n<\/strong>Wir verwenden die erhobenen Daten f\u00fcr folgende Zwecke: Um die Verpflichtungen, die sich aus vertraglichen Verh\u00e4ltnissen mit Ihnen ergeben (z.B. dem Kauf eines Gegenstands) und Leistungen, die Sie in Anspruch nehmen wollen (z.B. Versand von Bildern der Produkte, Newsletter-Abonnement), erf\u00fcllen zu k\u00f6nnen.<\/span><\/p>\n<ul>\n<li><span style=\"font-family: verdana, geneva, sans-serif;\">Um sicherzustellen, dass die Webseite so benutzerfreundlich wie m\u00f6glich gestaltet wird.<\/span><\/li>\n<li><span style=\"font-family: verdana, geneva, sans-serif;\">Um Ihnen Informationen \u00fcber Produkte oder Dienstleistungen zukommen zu lassen, die Sie anfordern oder die f\u00fcr Sie unserer Ansicht nach interessant sein k\u00f6nnten.<\/span><\/li>\n<\/ul>\n<p><span style=\"font-family: verdana, geneva, sans-serif;\">\u00a0<\/span><\/p>\n<p><span style=\"font-family: verdana, geneva, sans-serif;\"><strong>Weitergabe Ihrer Daten an Dritte<br \/>\n<\/strong>Ihre personenbezogenen Daten k\u00f6nnen wir an Erf\u00fcllungsgehilfen weitergeben, welche f\u00fcr uns oder einen unserer Lieferanten im Rahmen der in diesen Datenschutzbedingungen aufgef\u00fchrten Verwendungszwecke t\u00e4tig werden. Wir geben Ihre personenbezogenen Daten einschlie\u00dflich Ihrer Haus-Adresse und E-Mail-Adresse nicht ohne Ihre ausdr\u00fcckliche und jederzeit widerrufliche Einwilligung an Dritte weiter. Ausgenommen hiervon sind unsere Dienstleistungspartner, die zur Bestellabwicklung die \u00dcbermittlung von Daten ben\u00f6tigen (z.B. das mit der Lieferung beauftragte Versandunternehmen und das mit der Zahlungsabwicklung beauftragte Kreditinstitut). In diesen F\u00e4llen beschr\u00e4nkt sich der Umfang der \u00fcbermittelten Daten jedoch nur auf das erforderliche Minimum. Wir k\u00f6nnen Ihre personenbezogenen Daten des Weiteren in folgenden F\u00e4llen an Dritte weitergeben:\u00a0<\/span><br \/>\n<span style=\"font-family: verdana, geneva, sans-serif;\">\u00a0<\/span><\/p>\n<ul>\n<li><span style=\"font-family: verdana, geneva, sans-serif;\">Falls wir rechtlich verpflichtet sind, Ihre personenbezogenen Daten offen zu legen oder, soweit dies erforderlich ist, um unserer AGB und andere mit Ihnen getroffene Vereinbarungen durchzusetzen oder anzuwenden, oder um die Rechte, das Eigentum oder die Sicherheit unserer Produkte, unserer Kunden oder Dritter zu sch\u00fctzen. Dies schlie\u00dft den Austausch von Informationen mit anderen Firmen und Organisationen zum Schutz vor Betrug und zur Verminderung des\u00a0 Kreditrisikos ein.<\/span><\/li>\n<\/ul>\n<p><span style=\"font-family: verdana, geneva, sans-serif;\"><strong>\u00c4nderung unserer Datenschutzbestimmungen<br \/>\n<\/strong>Eventuelle \u00c4nderungen, die wir unter Umst\u00e4nden in Zukunft auf unseren Datenschutzbestimmungen vornehmen, werden auf dieser Seite eingestellt und soweit erforderlich, Ihnen per E-Mail mitgeteilt.\u00a0\u00a0<\/span><\/p>\n<p><span style=\"font-family: verdana, geneva, sans-serif;\"><strong>Ihre Rechte<\/strong><\/span><br \/>\n<span style=\"font-family: verdana, geneva, sans-serif;\">Mit dem Anklicken des hierf\u00fcr vorgesehenen K\u00e4stchens akzeptieren Sie diese Datenschutzbestimmungen und willigen in die Verarbeitung und Nutzung Ihrer Daten in dem Umfang wie in dieser Erkl\u00e4rung aufgef\u00fchrt ein. Sie k\u00f6nnen jederzeit eine einmal erteilte Einwilligung in die Verarbeitung Ihrer Daten mit der Wirkung f\u00fcr die Zukunft widerrufen oder von Ihrem bestehenden Widerrufsrecht Gebrauch machen, indem Sie uns per E-Mail oder per Post kontaktieren oder in den zur Erfassung Ihrer Daten verwendeten Formulare, die hierf\u00fcr ggf. vorgesehenen Felder ankreuzen. Gem\u00e4\u00df den Bestimmungen des Bundesdatenschutzgesetzes und des Telemediengesetzes k\u00f6nnen Sie jederzeit Auskunft \u00fcber die zu Ihrer Person gespeicherten Daten, \u00fcber den Empf\u00e4nger dieser Daten und den Zweck der Speicherung verlangen. Des Weiteren steht Ihnen im Rahmen der gesetzlichen Bestimmungen das Recht auf Berichtigung, Sperrung und L\u00f6schung Ihrer Daten zu. Bitte wenden Sie sich f\u00fcr die Geltendmachung Ihrer Rechte und bei sonstigen Fragen an folgende Adresse:\u00a0<\/span><\/p>\n<div class=\"\"><span style=\"font-family: verdana, geneva, sans-serif;\">Daniel Hartlaub<\/span><\/div>\n<div class=\"\"><span style=\"font-family: verdana, geneva, sans-serif;\">Weberstrasse 83<\/span><\/div>\n<div class=\"\"><span style=\"font-family: verdana, geneva, sans-serif;\">60318 Frankfurt<\/span><\/div>\n<div><span style=\"font-family: verdana, geneva, sans-serif;\">www.danielhartlaub.com<\/span><\/div>\n<\/div>\n","protected":false},"excerpt":{"rendered":"<p>Datenschutz Daten, die wir von Ihnen erfassen und verarbeiten:\u00a0 Daten, die Sie uns freiwillig durch Eingabe in Formularen auf den Webseiten zur\u00a0 Verf\u00fcgung stellen (z.B. [&hellip;]<\/p>\n","protected":false},"author":1,"featured_media":0,"parent":0,"menu_order":0,"comment_status":"closed","ping_status":"closed","template":"template-page-fullwidth.php","meta":[],"_links":{"self":[{"href":"http:\/\/danielhartlaub.com\/index.php?rest_route=\/wp\/v2\/pages\/1805"}],"collection":[{"href":"http:\/\/danielhartlaub.com\/index.php?rest_route=\/wp\/v2\/pages"}],"about":[{"href":"http:\/\/danielhartlaub.com\/index.php?rest_route=\/wp\/v2\/types\/page"}],"author":[{"embeddable":true,"href":"http:\/\/danielhartlaub.com\/index.php?rest_route=\/wp\/v2\/users\/1"}],"replies":[{"embeddable":true,"href":"http:\/\/danielhartlaub.com\/index.php?rest_route=%2Fwp%2Fv2%2Fcomments&post=1805"}],"version-history":[{"count":3,"href":"http:\/\/danielhartlaub.com\/index.php?rest_route=\/wp\/v2\/pages\/1805\/revisions"}],"predecessor-version":[{"id":1824,"href":"http:\/\/danielhartlaub.com\/index.php?rest_route=\/wp\/v2\/pages\/1805\/revisions\/1824"}],"wp:attachment":[{"href":"http:\/\/danielhartlaub.com\/index.php?rest_route=%2Fwp%2Fv2%2Fmedia&parent=1805"}],"curies":[{"name":"wp","href":"https:\/\/api.w.org\/{rel}","templated":true}]}}